{"id":119,"date":"2020-08-28T11:20:51","date_gmt":"2020-08-28T09:20:51","guid":{"rendered":"https:\/\/elevagesvaldieu.simple.foodle.co\/elevage\/"},"modified":"2020-09-01T10:00:52","modified_gmt":"2020-09-01T08:00:52","slug":"teelt","status":"publish","type":"page","link":"https:\/\/elevagesvaldieu.be\/nl\/teelt\/","title":{"rendered":"Teelt"},"content":{"rendered":"<div id='full_slider_1'  class='avia-fullwidth-slider main_color avia-shadow   avia-builder-el-0  el_before_av_section  avia-builder-el-first   container_wrap sidebar_right'  ><div  class='avia-slideshow av-oadu-34481b1c4affde8dd0abe4f00f752366 avia-slideshow-featured av_slideshow_full avia-fade-slider av-slideshow-ui av-control-default av-slideshow-autoplay av-loop-endless av-loop-manual-endless av-default-height-applied   avia-slideshow-1' data-slideshow-options=\"{&quot;animation&quot;:&quot;fade&quot;,&quot;autoplay&quot;:true,&quot;loop_autoplay&quot;:&quot;endless&quot;,&quot;interval&quot;:5,&quot;loop_manual&quot;:&quot;manual-endless&quot;,&quot;autoplay_stopper&quot;:false,&quot;noNavigation&quot;:false,&quot;bg_slider&quot;:false,&quot;keep_padding&quot;:false,&quot;hoverpause&quot;:false,&quot;show_slide_delay&quot;:0}\"  itemprop=\"image\" itemscope=\"itemscope\" itemtype=\"https:\/\/schema.org\/ImageObject\" ><ul class='avia-slideshow-inner ' style='padding-bottom: 28.666666666667%;'><li  class='avia-slideshow-slide av-oadu-34481b1c4affde8dd0abe4f00f752366__0  av-single-slide slide-1 slide-odd'><div data-rel='slideshow-1' class='avia-slide-wrap '   ><img decoding=\"async\" fetchpriority=\"high\" class=\"wp-image-162 avia-img-lazy-loading-not-162\"  src=\"https:\/\/elevagesvaldieu.be\/wp-content\/uploads\/sites\/13\/2020\/08\/background2-1500x430.jpg\" width=\"1500\" height=\"430\" title='\u00c9levages du Val Dieu' alt='\u00c9levages du Val Dieu'  itemprop=\"thumbnailUrl\"   \/><\/div><\/li><\/ul><\/div><\/div>\n<div id='meunerie'  class='avia-section av-jnpk-a7c85e55162b86465acac9baacfdeef5 main_color avia-section-default avia-no-border-styling  avia-builder-el-1  el_after_av_slideshow_full  avia-builder-el-last  avia-bg-style-scroll container_wrap sidebar_right'  ><div class='container av-section-cont-open' ><div class='template-page content  av-content-small alpha units'><div class='post-entry post-entry-type-page post-entry-119'><div class='entry-content-wrapper clearfix'>\n\n<style type=\"text\/css\" data-created_by=\"avia_inline_auto\" id=\"style-css-av-kejnt5ck-ee0392cc708452c33a5862daa927b202\">\n#top .av-special-heading.av-kejnt5ck-ee0392cc708452c33a5862daa927b202{\npadding-bottom:10px;\n}\nbody .av-special-heading.av-kejnt5ck-ee0392cc708452c33a5862daa927b202 .av-special-heading-tag .heading-char{\nfont-size:25px;\n}\n.av-special-heading.av-kejnt5ck-ee0392cc708452c33a5862daa927b202 .av-subheading{\nfont-size:15px;\n}\n<\/style>\n<div  class='av-special-heading av-kejnt5ck-ee0392cc708452c33a5862daa927b202 av-special-heading-h1 blockquote modern-quote modern-centered  avia-builder-el-2  el_before_av_hr  avia-builder-el-first '><h1 class='av-special-heading-tag '  itemprop=\"headline\"  >Teelt<\/h1><div class=\"special-heading-border\"><div class=\"special-heading-inner-border\"><\/div><\/div><\/div>\n\n<style type=\"text\/css\" data-created_by=\"avia_inline_auto\" id=\"style-css-av-g87q-2b71ceec789b2ec636e67f8de5b00a90\">\n#top .hr.av-g87q-2b71ceec789b2ec636e67f8de5b00a90{\nmargin-top:30px;\nmargin-bottom:30px;\n}\n.hr.av-g87q-2b71ceec789b2ec636e67f8de5b00a90 .hr-inner{\nwidth:50px;\nborder-color:#a81010;\n}\n<\/style>\n<div  class='hr av-g87q-2b71ceec789b2ec636e67f8de5b00a90 hr-custom  avia-builder-el-3  el_after_av_heading  el_before_av_one_full  hr-center hr-icon-no'><span class='hr-inner inner-border-av-border-fat'><span class=\"hr-inner-style\"><\/span><\/span><\/div>\n\n<style type=\"text\/css\" data-created_by=\"avia_inline_auto\" id=\"style-css-av-doci-c094c5f49455fbb62924602274fcf4a0\">\n.flex_column.av-doci-c094c5f49455fbb62924602274fcf4a0{\nborder-radius:0px 0px 0px 0px;\npadding:0px 0px 0px 0px;\n}\n<\/style>\n<div  class='flex_column av-doci-c094c5f49455fbb62924602274fcf4a0 av_one_full  avia-builder-el-4  el_after_av_hr  el_before_av_hr  first flex_column_div av-zero-column-padding  '     ><p>\n<style type=\"text\/css\" data-created_by=\"avia_inline_auto\" id=\"style-css-av-kejntgcm-7d5144fc302f273d5c5c47b21c8b9f86\">\n#top .av-special-heading.av-kejntgcm-7d5144fc302f273d5c5c47b21c8b9f86{\npadding-bottom:10px;\n}\nbody .av-special-heading.av-kejntgcm-7d5144fc302f273d5c5c47b21c8b9f86 .av-special-heading-tag .heading-char{\nfont-size:25px;\n}\n.av-special-heading.av-kejntgcm-7d5144fc302f273d5c5c47b21c8b9f86 .av-subheading{\nfont-size:15px;\n}\n<\/style>\n<div  class='av-special-heading av-kejntgcm-7d5144fc302f273d5c5c47b21c8b9f86 av-special-heading-h2 blockquote modern-quote  avia-builder-el-5  el_before_av_textblock  avia-builder-el-first '><h2 class='av-special-heading-tag '  itemprop=\"headline\"  >De verschillende kwekerijen<\/h2><div class=\"special-heading-border\"><div class=\"special-heading-inner-border\"><\/div><\/div><\/div><br \/>\n<section  class='av_textblock_section av-cnf2-b88592c05c5aebde49549f8f7d379976 '   itemscope=\"itemscope\" itemtype=\"https:\/\/schema.org\/CreativeWork\" ><div class='avia_textblock'  itemprop=\"text\" ><p>De kwekerijen van Le Moulin du Val-Dieu fokken \u2018traditionele\u2019 kip en \u2018ma\u00efskip\u2019, hoevekonijn en vette eend.<\/p>\n<p><strong>1. Traditionele kip<\/strong><br \/>\nDeze kippen, met een gemiddelde groeisnelheid, worden gefokt gedurende een periode van 56 tot 63 dagen. Ze krijgen 100% plantaardige voeding die voor 70% uit granen bestaat.<br \/>\nTijdens de laatste weken wordt hun natuurlijke voeding verrijkt met omega 3 (lijnzaadextract).<\/p>\n<p><strong>2. Ma\u00efskip<\/strong><br \/>\nDeze kippen krijgen aan het einde van het kweekproces andere voeding dan de &#8220;traditionele&#8221; kippen.<br \/>\nIn hun laatste weken krijgen ze voer op basis van 40% ma\u00efs, die het vlees een goudgele kleur geeft.<\/p>\n<p><strong>3. Vette eend<\/strong><br \/>\nEen kruising tussen de muskuseend en de witte Pekingeend.<br \/>\nTijdens hun kweek, die 12 tot 14 weken duurt, mogen deze eenden scharrelen in de weide. Ze krijgen compleet en 100% plantaardig voer.<br \/>\nAan het einde volgt dan een vetmestperiode van 10 dagen, waarbij de eenden enkel ma\u00efs krijgen.<\/p>\n<\/div><\/section><\/p><\/div>\n<style type=\"text\/css\" data-created_by=\"avia_inline_auto\" id=\"style-css-av-g87q-6fc230a36520785d3e0089ee88eec9ca\">\n#top .hr.hr-invisible.av-g87q-6fc230a36520785d3e0089ee88eec9ca{\nheight:20px;\n}\n<\/style>\n<div  class='hr av-g87q-6fc230a36520785d3e0089ee88eec9ca hr-invisible  avia-builder-el-7  el_after_av_one_full  el_before_av_three_fifth '><span class='hr-inner '><span class=\"hr-inner-style\"><\/span><\/span><\/div>\n<div class='flex_column_table av-doci-a2d0726041bf913f8b2bd6a84995e6d7 sc-av_three_fifth av-equal-height-column-flextable'>\n<style type=\"text\/css\" data-created_by=\"avia_inline_auto\" id=\"style-css-av-doci-a2d0726041bf913f8b2bd6a84995e6d7\">\n.flex_column.av-doci-a2d0726041bf913f8b2bd6a84995e6d7{\nborder-radius:0px 0px 0px 0px;\npadding:0px 0px 0px 0px;\n}\n<\/style>\n<div  class='flex_column av-doci-a2d0726041bf913f8b2bd6a84995e6d7 av_three_fifth  avia-builder-el-8  el_after_av_hr  el_before_av_two_fifth  first flex_column_table_cell av-equal-height-column av-align-top av-zero-column-padding  '     ><p>\n<style type=\"text\/css\" data-created_by=\"avia_inline_auto\" id=\"style-css-av-kejnv4c5-331b488efc11607b371d50b95fe95715\">\n#top .av-special-heading.av-kejnv4c5-331b488efc11607b371d50b95fe95715{\npadding-bottom:10px;\n}\nbody .av-special-heading.av-kejnv4c5-331b488efc11607b371d50b95fe95715 .av-special-heading-tag .heading-char{\nfont-size:25px;\n}\n.av-special-heading.av-kejnv4c5-331b488efc11607b371d50b95fe95715 .av-subheading{\nfont-size:15px;\n}\n<\/style>\n<div  class='av-special-heading av-kejnv4c5-331b488efc11607b371d50b95fe95715 av-special-heading-h2 blockquote modern-quote  avia-builder-el-9  el_before_av_textblock  avia-builder-el-first '><h2 class='av-special-heading-tag '  itemprop=\"headline\"  >De kwekers<\/h2><div class=\"special-heading-border\"><div class=\"special-heading-inner-border\"><\/div><\/div><\/div><br \/>\n<section  class='av_textblock_section av-cnf2-b88592c05c5aebde49549f8f7d379976 '   itemscope=\"itemscope\" itemtype=\"https:\/\/schema.org\/CreativeWork\" ><div class='avia_textblock'  itemprop=\"text\" ><p>We kunnen rekenen op een netwerk van een vijftiental kwekerijen.<\/p>\n<p>Zij volgen een heel gedetailleerd en nauwgezet opgesteld lastenboek, dat de oorsprong van hun gevogelte en konijnen verzekert, het welzijn van de dieren garandeert en een natuurlijke voeding en een respectvolle slachtmethode oplegt.<\/p>\n<\/div><\/section><\/p><\/div><div class='av-flex-placeholder'><\/div>\n<style type=\"text\/css\" data-created_by=\"avia_inline_auto\" id=\"style-css-av-73rk-bf7c69a92732b9c8c7234bea68a80e4d\">\n.flex_column.av-73rk-bf7c69a92732b9c8c7234bea68a80e4d{\nborder-radius:0px 0px 0px 0px;\npadding:0px 0px 0px 0px;\n}\n<\/style>\n<div  class='flex_column av-73rk-bf7c69a92732b9c8c7234bea68a80e4d av_two_fifth  avia-builder-el-11  el_after_av_three_fifth  el_before_av_hr  flex_column_table_cell av-equal-height-column av-align-top av-zero-column-padding  '     ><style type=\"text\/css\" data-created_by=\"avia_inline_auto\" id=\"style-css-av-ap2-37fed0429f34d63e047a405ca01f976c\">\n.avia-image-container.av-ap2-37fed0429f34d63e047a405ca01f976c img.avia_image{\nbox-shadow:none;\n}\n.avia-image-container.av-ap2-37fed0429f34d63e047a405ca01f976c .av-image-caption-overlay-center{\ncolor:#ffffff;\n}\n<\/style>\n<div  class='avia-image-container av-ap2-37fed0429f34d63e047a405ca01f976c av-styling- avia-align-center  avia-builder-el-12  avia-builder-el-no-sibling '   itemprop=\"image\" itemscope=\"itemscope\" itemtype=\"https:\/\/schema.org\/ImageObject\" ><div class=\"avia-image-container-inner\"><div class=\"avia-image-overlay-wrap\"><img decoding=\"async\" fetchpriority=\"high\" class='wp-image-158 avia-img-lazy-loading-not-158 avia_image ' src=\"https:\/\/elevagesvaldieu.be\/wp-content\/uploads\/sites\/13\/2020\/08\/elevages_2013610115033-226x300.jpg\" alt='Nos poulets sont strictement contr\u00f4l\u00e9s' title='\u00e9levages'  height=\"300\" width=\"226\"  itemprop=\"thumbnailUrl\" srcset=\"https:\/\/elevagesvaldieu.be\/wp-content\/uploads\/sites\/13\/2020\/08\/elevages_2013610115033-226x300.jpg 226w, https:\/\/elevagesvaldieu.be\/wp-content\/uploads\/sites\/13\/2020\/08\/elevages_2013610115033.jpg 312w\" sizes=\"(max-width: 226px) 100vw, 226px\" \/><\/div><\/div><\/div><\/div><\/div><!--close column table wrapper. Autoclose: 1 -->\n<style type=\"text\/css\" data-created_by=\"avia_inline_auto\" id=\"style-css-av-g87q-6fc230a36520785d3e0089ee88eec9ca\">\n#top .hr.hr-invisible.av-g87q-6fc230a36520785d3e0089ee88eec9ca{\nheight:20px;\n}\n<\/style>\n<div  class='hr av-g87q-6fc230a36520785d3e0089ee88eec9ca hr-invisible  avia-builder-el-13  el_after_av_two_fifth  el_before_av_one_full '><span class='hr-inner '><span class=\"hr-inner-style\"><\/span><\/span><\/div>\n<div class='flex_column_table av-doci-a2d0726041bf913f8b2bd6a84995e6d7 sc-av_one_full av-equal-height-column-flextable'>\n<style type=\"text\/css\" data-created_by=\"avia_inline_auto\" id=\"style-css-av-doci-a2d0726041bf913f8b2bd6a84995e6d7\">\n.flex_column.av-doci-a2d0726041bf913f8b2bd6a84995e6d7{\nborder-radius:0px 0px 0px 0px;\npadding:0px 0px 0px 0px;\n}\n<\/style>\n<div  class='flex_column av-doci-a2d0726041bf913f8b2bd6a84995e6d7 av_one_full  avia-builder-el-14  el_after_av_hr  avia-builder-el-last  first flex_column_table_cell av-equal-height-column av-align-top av-zero-column-padding  '     ><p>\n<style type=\"text\/css\" data-created_by=\"avia_inline_auto\" id=\"style-css-av-kejnw9z0-447cc1509a7b92471944a158632f9b39\">\n#top .av-special-heading.av-kejnw9z0-447cc1509a7b92471944a158632f9b39{\npadding-bottom:10px;\n}\nbody .av-special-heading.av-kejnw9z0-447cc1509a7b92471944a158632f9b39 .av-special-heading-tag .heading-char{\nfont-size:25px;\n}\n.av-special-heading.av-kejnw9z0-447cc1509a7b92471944a158632f9b39 .av-subheading{\nfont-size:15px;\n}\n<\/style>\n<div  class='av-special-heading av-kejnw9z0-447cc1509a7b92471944a158632f9b39 av-special-heading-h2 blockquote modern-quote  avia-builder-el-15  el_before_av_textblock  avia-builder-el-first '><h2 class='av-special-heading-tag '  itemprop=\"headline\"  >De slachterij<\/h2><div class=\"special-heading-border\"><div class=\"special-heading-inner-border\"><\/div><\/div><\/div><br \/>\n<section  class='av_textblock_section av-cnf2-b88592c05c5aebde49549f8f7d379976 '   itemscope=\"itemscope\" itemtype=\"https:\/\/schema.org\/CreativeWork\" ><div class='avia_textblock'  itemprop=\"text\" ><p>Het bedrijf &#8220;Lapin d&#8217;Ardenne&#8221;, gegroeid uit een familiebedrijf dat in de jaren 1990 werd opgericht door de familie Wenkin uit Assenois. Dankzij de onberispelijke werkkwaliteit breidde het bedrijfje gestaag uit. In 2009 besluiten Jean-Claude en Fran\u00e7is Wenkin, in samenwerking met Les Elevages du Moulin du Val-Dieu, om in Bertrix een reeks nieuwe en ultramoderne installaties op te trekken. Deze firma neemt de ophaling, de slachting, het versnijden en de distributie van alle producten van Elevages du Moulin du Val Dieu voor haar rekening.<\/p>\n<\/div><\/section><\/p><\/div><\/div><!--close column table wrapper. Autoclose: 1 --><\/div><\/div><\/div><!-- close content main div --><\/div><\/div><div id='after_section_1'  class='main_color av_default_container_wrap container_wrap sidebar_right'  ><div class='container av-section-cont-open' ><div class='template-page content  av-content-small alpha units'><div class='post-entry post-entry-type-page post-entry-119'><div class='entry-content-wrapper clearfix'>\n","protected":false},"excerpt":{"rendered":"","protected":false},"author":2,"featured_media":0,"parent":0,"menu_order":0,"comment_status":"closed","ping_status":"closed","template":"","meta":{"footnotes":""},"class_list":["post-119","page","type-page","status-publish","hentry"],"yoast_head":"<!-- This site is optimized with the Yoast SEO plugin v27.4 - https:\/\/yoast.com\/product\/yoast-seo-wordpress\/ -->\n<title>Teelt - Les \u00e9levages du Moulin du Val Dieu<\/title>\n<meta name=\"robots\" content=\"index, follow, max-snippet:-1, max-image-preview:large, max-video-preview:-1\" \/>\n<link rel=\"canonical\" href=\"https:\/\/elevagesvaldieu.be\/nl\/teelt\/\" \/>\n<meta property=\"og:locale\" content=\"nl_NL\" \/>\n<meta property=\"og:type\" content=\"article\" \/>\n<meta property=\"og:title\" content=\"Teelt - Les \u00e9levages du Moulin du Val Dieu\" \/>\n<meta property=\"og:url\" content=\"https:\/\/elevagesvaldieu.be\/nl\/teelt\/\" \/>\n<meta property=\"og:site_name\" content=\"Les \u00e9levages du Moulin du Val Dieu\" \/>\n<meta property=\"article:modified_time\" content=\"2020-09-01T08:00:52+00:00\" \/>\n<meta name=\"twitter:card\" content=\"summary_large_image\" \/>\n<meta name=\"twitter:label1\" content=\"Geschatte leestijd\" \/>\n\t<meta name=\"twitter:data1\" content=\"8 minuten\" \/>\n<script type=\"application\/ld+json\" class=\"yoast-schema-graph\">{\"@context\":\"https:\\\/\\\/schema.org\",\"@graph\":[{\"@type\":\"WebPage\",\"@id\":\"https:\\\/\\\/elevagesvaldieu.be\\\/nl\\\/teelt\\\/\",\"url\":\"https:\\\/\\\/elevagesvaldieu.be\\\/nl\\\/teelt\\\/\",\"name\":\"Teelt - Les \u00e9levages du Moulin du Val Dieu\",\"isPartOf\":{\"@id\":\"https:\\\/\\\/elevagesvaldieu.be\\\/nl\\\/#website\"},\"datePublished\":\"2020-08-28T09:20:51+00:00\",\"dateModified\":\"2020-09-01T08:00:52+00:00\",\"breadcrumb\":{\"@id\":\"https:\\\/\\\/elevagesvaldieu.be\\\/nl\\\/teelt\\\/#breadcrumb\"},\"inLanguage\":\"nl-NL\",\"potentialAction\":[{\"@type\":\"ReadAction\",\"target\":[\"https:\\\/\\\/elevagesvaldieu.be\\\/nl\\\/teelt\\\/\"]}]},{\"@type\":\"BreadcrumbList\",\"@id\":\"https:\\\/\\\/elevagesvaldieu.be\\\/nl\\\/teelt\\\/#breadcrumb\",\"itemListElement\":[{\"@type\":\"ListItem\",\"position\":1,\"name\":\"Accueil\",\"item\":\"https:\\\/\\\/elevagesvaldieu.be\\\/nl\\\/\"},{\"@type\":\"ListItem\",\"position\":2,\"name\":\"Teelt\"}]},{\"@type\":\"WebSite\",\"@id\":\"https:\\\/\\\/elevagesvaldieu.be\\\/nl\\\/#website\",\"url\":\"https:\\\/\\\/elevagesvaldieu.be\\\/nl\\\/\",\"name\":\"Les \u00e9levages du Moulin du Val Dieu\",\"description\":\"\",\"potentialAction\":[{\"@type\":\"SearchAction\",\"target\":{\"@type\":\"EntryPoint\",\"urlTemplate\":\"https:\\\/\\\/elevagesvaldieu.be\\\/nl\\\/?s={search_term_string}\"},\"query-input\":{\"@type\":\"PropertyValueSpecification\",\"valueRequired\":true,\"valueName\":\"search_term_string\"}}],\"inLanguage\":\"nl-NL\"}]}<\/script>\n<!-- \/ Yoast SEO plugin. -->","yoast_head_json":{"title":"Teelt - Les \u00e9levages du Moulin du Val Dieu","robots":{"index":"index","follow":"follow","max-snippet":"max-snippet:-1","max-image-preview":"max-image-preview:large","max-video-preview":"max-video-preview:-1"},"canonical":"https:\/\/elevagesvaldieu.be\/nl\/teelt\/","og_locale":"nl_NL","og_type":"article","og_title":"Teelt - Les \u00e9levages du Moulin du Val Dieu","og_url":"https:\/\/elevagesvaldieu.be\/nl\/teelt\/","og_site_name":"Les \u00e9levages du Moulin du Val Dieu","article_modified_time":"2020-09-01T08:00:52+00:00","twitter_card":"summary_large_image","twitter_misc":{"Geschatte leestijd":"8 minuten"},"schema":{"@context":"https:\/\/schema.org","@graph":[{"@type":"WebPage","@id":"https:\/\/elevagesvaldieu.be\/nl\/teelt\/","url":"https:\/\/elevagesvaldieu.be\/nl\/teelt\/","name":"Teelt - Les \u00e9levages du Moulin du Val Dieu","isPartOf":{"@id":"https:\/\/elevagesvaldieu.be\/nl\/#website"},"datePublished":"2020-08-28T09:20:51+00:00","dateModified":"2020-09-01T08:00:52+00:00","breadcrumb":{"@id":"https:\/\/elevagesvaldieu.be\/nl\/teelt\/#breadcrumb"},"inLanguage":"nl-NL","potentialAction":[{"@type":"ReadAction","target":["https:\/\/elevagesvaldieu.be\/nl\/teelt\/"]}]},{"@type":"BreadcrumbList","@id":"https:\/\/elevagesvaldieu.be\/nl\/teelt\/#breadcrumb","itemListElement":[{"@type":"ListItem","position":1,"name":"Accueil","item":"https:\/\/elevagesvaldieu.be\/nl\/"},{"@type":"ListItem","position":2,"name":"Teelt"}]},{"@type":"WebSite","@id":"https:\/\/elevagesvaldieu.be\/nl\/#website","url":"https:\/\/elevagesvaldieu.be\/nl\/","name":"Les \u00e9levages du Moulin du Val Dieu","description":"","potentialAction":[{"@type":"SearchAction","target":{"@type":"EntryPoint","urlTemplate":"https:\/\/elevagesvaldieu.be\/nl\/?s={search_term_string}"},"query-input":{"@type":"PropertyValueSpecification","valueRequired":true,"valueName":"search_term_string"}}],"inLanguage":"nl-NL"}]}},"_links":{"self":[{"href":"https:\/\/elevagesvaldieu.be\/nl\/wp-json\/wp\/v2\/pages\/119","targetHints":{"allow":["GET"]}}],"collection":[{"href":"https:\/\/elevagesvaldieu.be\/nl\/wp-json\/wp\/v2\/pages"}],"about":[{"href":"https:\/\/elevagesvaldieu.be\/nl\/wp-json\/wp\/v2\/types\/page"}],"author":[{"embeddable":true,"href":"https:\/\/elevagesvaldieu.be\/nl\/wp-json\/wp\/v2\/users\/2"}],"replies":[{"embeddable":true,"href":"https:\/\/elevagesvaldieu.be\/nl\/wp-json\/wp\/v2\/comments?post=119"}],"version-history":[{"count":3,"href":"https:\/\/elevagesvaldieu.be\/nl\/wp-json\/wp\/v2\/pages\/119\/revisions"}],"predecessor-version":[{"id":169,"href":"https:\/\/elevagesvaldieu.be\/nl\/wp-json\/wp\/v2\/pages\/119\/revisions\/169"}],"wp:attachment":[{"href":"https:\/\/elevagesvaldieu.be\/nl\/wp-json\/wp\/v2\/media?parent=119"}],"curies":[{"name":"wp","href":"https:\/\/api.w.org\/{rel}","templated":true}]}}