{"id":130,"date":"2020-08-28T11:28:22","date_gmt":"2020-08-28T09:28:22","guid":{"rendered":"https:\/\/elevagesvaldieu.simple.foodle.co\/qualite\/"},"modified":"2020-09-01T10:04:57","modified_gmt":"2020-09-01T08:04:57","slug":"kwaliteit","status":"publish","type":"page","link":"https:\/\/elevagesvaldieu.be\/nl\/kwaliteit\/","title":{"rendered":"Kwaliteit"},"content":{"rendered":"<div id='full_slider_1'  class='avia-fullwidth-slider main_color avia-shadow   avia-builder-el-0  el_before_av_section  avia-builder-el-first   container_wrap sidebar_right'  ><div  class='avia-slideshow av-oadu-34481b1c4affde8dd0abe4f00f752366 avia-slideshow-featured av_slideshow_full avia-fade-slider av-slideshow-ui av-control-default av-slideshow-autoplay av-loop-endless av-loop-manual-endless av-default-height-applied   avia-slideshow-1' data-slideshow-options=\"{&quot;animation&quot;:&quot;fade&quot;,&quot;autoplay&quot;:true,&quot;loop_autoplay&quot;:&quot;endless&quot;,&quot;interval&quot;:5,&quot;loop_manual&quot;:&quot;manual-endless&quot;,&quot;autoplay_stopper&quot;:false,&quot;noNavigation&quot;:false,&quot;bg_slider&quot;:false,&quot;keep_padding&quot;:false,&quot;hoverpause&quot;:false,&quot;show_slide_delay&quot;:0}\"  itemprop=\"image\" itemscope=\"itemscope\" itemtype=\"https:\/\/schema.org\/ImageObject\" ><ul class='avia-slideshow-inner ' style='padding-bottom: 28.666666666667%;'><li  class='avia-slideshow-slide av-oadu-34481b1c4affde8dd0abe4f00f752366__0  av-single-slide slide-1 slide-odd'><div data-rel='slideshow-1' class='avia-slide-wrap '   ><img decoding=\"async\" fetchpriority=\"high\" class=\"wp-image-162 avia-img-lazy-loading-not-162\"  src=\"https:\/\/elevagesvaldieu.be\/wp-content\/uploads\/sites\/13\/2020\/08\/background2-1500x430.jpg\" width=\"1500\" height=\"430\" title='\u00c9levages du Val Dieu' alt='\u00c9levages du Val Dieu'  itemprop=\"thumbnailUrl\"   \/><\/div><\/li><\/ul><\/div><\/div>\n<div id='meunerie'  class='avia-section av-jnpk-a7c85e55162b86465acac9baacfdeef5 main_color avia-section-default avia-no-border-styling  avia-builder-el-1  el_after_av_slideshow_full  avia-builder-el-last  avia-bg-style-scroll container_wrap sidebar_right'  ><div class='container av-section-cont-open' ><div class='template-page content  av-content-small alpha units'><div class='post-entry post-entry-type-page post-entry-130'><div class='entry-content-wrapper clearfix'>\n\n<style type=\"text\/css\" data-created_by=\"avia_inline_auto\" id=\"style-css-av-kejnyehv-22112e6a63b90f308bd9bcdb0ab5f9f9\">\n#top .av-special-heading.av-kejnyehv-22112e6a63b90f308bd9bcdb0ab5f9f9{\npadding-bottom:10px;\n}\nbody .av-special-heading.av-kejnyehv-22112e6a63b90f308bd9bcdb0ab5f9f9 .av-special-heading-tag .heading-char{\nfont-size:25px;\n}\n.av-special-heading.av-kejnyehv-22112e6a63b90f308bd9bcdb0ab5f9f9 .av-subheading{\nfont-size:15px;\n}\n<\/style>\n<div  class='av-special-heading av-kejnyehv-22112e6a63b90f308bd9bcdb0ab5f9f9 av-special-heading-h1 blockquote modern-quote modern-centered  avia-builder-el-2  el_before_av_hr  avia-builder-el-first '><h1 class='av-special-heading-tag '  itemprop=\"headline\"  >Kwaliteit<\/h1><div class=\"special-heading-border\"><div class=\"special-heading-inner-border\"><\/div><\/div><\/div>\n\n<style type=\"text\/css\" data-created_by=\"avia_inline_auto\" id=\"style-css-av-g87q-2b71ceec789b2ec636e67f8de5b00a90\">\n#top .hr.av-g87q-2b71ceec789b2ec636e67f8de5b00a90{\nmargin-top:30px;\nmargin-bottom:30px;\n}\n.hr.av-g87q-2b71ceec789b2ec636e67f8de5b00a90 .hr-inner{\nwidth:50px;\nborder-color:#a81010;\n}\n<\/style>\n<div  class='hr av-g87q-2b71ceec789b2ec636e67f8de5b00a90 hr-custom  avia-builder-el-3  el_after_av_heading  el_before_av_three_fifth  hr-center hr-icon-no'><span class='hr-inner inner-border-av-border-fat'><span class=\"hr-inner-style\"><\/span><\/span><\/div>\n<div class='flex_column_table av-doci-266c6449fb26b1e18ccf2bcc8807c5b9 sc-av_three_fifth av-equal-height-column-flextable'>\n<style type=\"text\/css\" data-created_by=\"avia_inline_auto\" id=\"style-css-av-doci-266c6449fb26b1e18ccf2bcc8807c5b9\">\n.flex_column.av-doci-266c6449fb26b1e18ccf2bcc8807c5b9{\nborder-radius:0px 0px 0px 0px;\npadding:0px 0px 0px 0px;\n}\n<\/style>\n<div  class='flex_column av-doci-266c6449fb26b1e18ccf2bcc8807c5b9 av_three_fifth  avia-builder-el-4  el_after_av_hr  el_before_av_two_fifth  first flex_column_table_cell av-equal-height-column av-align-middle av-zero-column-padding  '     ><p>\n<style type=\"text\/css\" data-created_by=\"avia_inline_auto\" id=\"style-css-av-kejnysw4-0deb64a378fbc8f00f2b3cf570b199dc\">\n#top .av-special-heading.av-kejnysw4-0deb64a378fbc8f00f2b3cf570b199dc{\npadding-bottom:10px;\n}\nbody .av-special-heading.av-kejnysw4-0deb64a378fbc8f00f2b3cf570b199dc .av-special-heading-tag .heading-char{\nfont-size:25px;\n}\n.av-special-heading.av-kejnysw4-0deb64a378fbc8f00f2b3cf570b199dc .av-subheading{\nfont-size:15px;\n}\n<\/style>\n<div  class='av-special-heading av-kejnysw4-0deb64a378fbc8f00f2b3cf570b199dc av-special-heading-h2 blockquote modern-quote  avia-builder-el-5  el_before_av_textblock  avia-builder-el-first '><h2 class='av-special-heading-tag '  itemprop=\"headline\"  >Gekeurde kippen<\/h2><div class=\"special-heading-border\"><div class=\"special-heading-inner-border\"><\/div><\/div><\/div><br \/>\n<section  class='av_textblock_section av-cnf2-b88592c05c5aebde49549f8f7d379976 '   itemscope=\"itemscope\" itemtype=\"https:\/\/schema.org\/CreativeWork\" ><div class='avia_textblock'  itemprop=\"text\" ><p>Alle partners (maalderij, fokkers en slachter) moeten voldoen aan een lastenboek dat gewaarborgd en gecontroleerd wordt door keuringsorganisme AIB Vin\u00e7otte.<\/p>\n<p>Dat lastenboek komt bovenop de keuringen van haar andere bevoegde organen (GMP, Comeos&#8230; ).<\/p>\n<\/div><\/section><br \/>\n<section  class='av_textblock_section av-cnf2-b88592c05c5aebde49549f8f7d379976 '   itemscope=\"itemscope\" itemtype=\"https:\/\/schema.org\/CreativeWork\" ><div class='avia_textblock'  itemprop=\"text\" ><p>Om de producten hun kwaliteitswaarborg te geven, doet EMVD een beroep op het externe controle- en keuringsorganisme AIB Vin\u00e7otte.<\/p>\n<p>Dat organisme neemt alle aspecten van de kweek van de &#8220;traditionele&#8221; kippen en &#8220;ma\u00efskippen&#8221; onder de loep, op basis van een vooraf opgesteld lastenboek.<\/p>\n<p>Het controleert de oorsprong van de dieren, hoe dicht ze op elkaar zitten, de aard van het voer, de slachtmethode en de normen op het vlak van hygi\u00ebne.<\/p>\n<p>De kippen worden geslacht in het gloednieuwe slachthuis &#8220;Ardenne volaille&#8221; in Bertrix, dat perfect voldoet aan de laatste CEE- en HACCP-normen.<\/p>\n<p>Alle logistiek wordt gecontroleerd met respect voor de koelketen en voor het welzijn van de dieren, zaken die ook in het lastenboek zijn vastgelegd.<\/p>\n<\/div><\/section><\/p><\/div><div class='av-flex-placeholder'><\/div>\n<style type=\"text\/css\" data-created_by=\"avia_inline_auto\" id=\"style-css-av-73rk-bf7c69a92732b9c8c7234bea68a80e4d\">\n.flex_column.av-73rk-bf7c69a92732b9c8c7234bea68a80e4d{\nborder-radius:0px 0px 0px 0px;\npadding:0px 0px 0px 0px;\n}\n<\/style>\n<div  class='flex_column av-73rk-bf7c69a92732b9c8c7234bea68a80e4d av_two_fifth  avia-builder-el-8  el_after_av_three_fifth  el_before_av_hr  flex_column_table_cell av-equal-height-column av-align-middle av-zero-column-padding  '     ><style type=\"text\/css\" data-created_by=\"avia_inline_auto\" id=\"style-css-av-ap2-e8a505562384e9d7f25eb4cf5af3c97a\">\n.avia-image-container.av-ap2-e8a505562384e9d7f25eb4cf5af3c97a img.avia_image{\nbox-shadow:none;\n}\n.avia-image-container.av-ap2-e8a505562384e9d7f25eb4cf5af3c97a .av-image-caption-overlay-center{\ncolor:#ffffff;\n}\n<\/style>\n<div  class='avia-image-container av-ap2-e8a505562384e9d7f25eb4cf5af3c97a av-styling- avia-align-center  avia-builder-el-9  avia-builder-el-no-sibling '   itemprop=\"image\" itemscope=\"itemscope\" itemtype=\"https:\/\/schema.org\/ImageObject\" ><div class=\"avia-image-container-inner\"><div class=\"avia-image-overlay-wrap\"><img decoding=\"async\" fetchpriority=\"high\" class='wp-image-148 avia-img-lazy-loading-not-148 avia_image ' src=\"https:\/\/elevagesvaldieu.be\/wp-content\/uploads\/sites\/13\/2020\/08\/qualite_201361014339.jpg\" alt='Une fili\u00e8re de qualit\u00e9' title='Une fili\u00e8re de qualit\u00e9'  height=\"416\" width=\"312\"  itemprop=\"thumbnailUrl\" srcset=\"https:\/\/elevagesvaldieu.be\/wp-content\/uploads\/sites\/13\/2020\/08\/qualite_201361014339.jpg 312w, https:\/\/elevagesvaldieu.be\/wp-content\/uploads\/sites\/13\/2020\/08\/qualite_201361014339-225x300.jpg 225w\" sizes=\"(max-width: 312px) 100vw, 312px\" \/><\/div><\/div><\/div><\/div><\/div><!--close column table wrapper. Autoclose: 1 -->\n<style type=\"text\/css\" data-created_by=\"avia_inline_auto\" id=\"style-css-av-g87q-6fc230a36520785d3e0089ee88eec9ca\">\n#top .hr.hr-invisible.av-g87q-6fc230a36520785d3e0089ee88eec9ca{\nheight:20px;\n}\n<\/style>\n<div  class='hr av-g87q-6fc230a36520785d3e0089ee88eec9ca hr-invisible  avia-builder-el-10  el_after_av_two_fifth  el_before_av_one_full '><span class='hr-inner '><span class=\"hr-inner-style\"><\/span><\/span><\/div>\n<div class='flex_column_table av-doci-a2d0726041bf913f8b2bd6a84995e6d7 sc-av_one_full av-equal-height-column-flextable'>\n<style type=\"text\/css\" data-created_by=\"avia_inline_auto\" id=\"style-css-av-doci-a2d0726041bf913f8b2bd6a84995e6d7\">\n.flex_column.av-doci-a2d0726041bf913f8b2bd6a84995e6d7{\nborder-radius:0px 0px 0px 0px;\npadding:0px 0px 0px 0px;\n}\n<\/style>\n<div  class='flex_column av-doci-a2d0726041bf913f8b2bd6a84995e6d7 av_one_full  avia-builder-el-11  el_after_av_hr  el_before_av_hr  first flex_column_table_cell av-equal-height-column av-align-top av-zero-column-padding  '     ><p>\n<style type=\"text\/css\" data-created_by=\"avia_inline_auto\" id=\"style-css-av-kejnzv3w-50b36f9634e18cf12a6444b5412d3f4e\">\n#top .av-special-heading.av-kejnzv3w-50b36f9634e18cf12a6444b5412d3f4e{\npadding-bottom:10px;\n}\nbody .av-special-heading.av-kejnzv3w-50b36f9634e18cf12a6444b5412d3f4e .av-special-heading-tag .heading-char{\nfont-size:25px;\n}\n.av-special-heading.av-kejnzv3w-50b36f9634e18cf12a6444b5412d3f4e .av-subheading{\nfont-size:15px;\n}\n<\/style>\n<div  class='av-special-heading av-kejnzv3w-50b36f9634e18cf12a6444b5412d3f4e av-special-heading-h2 blockquote modern-quote  avia-builder-el-12  el_before_av_textblock  avia-builder-el-first '><h2 class='av-special-heading-tag '  itemprop=\"headline\"  >De kweekduur<\/h2><div class=\"special-heading-border\"><div class=\"special-heading-inner-border\"><\/div><\/div><\/div><br \/>\n<section  class='av_textblock_section av-cnf2-b88592c05c5aebde49549f8f7d379976 '   itemscope=\"itemscope\" itemtype=\"https:\/\/schema.org\/CreativeWork\" ><div class='avia_textblock'  itemprop=\"text\" ><p>Voor het gevogelte worden rassen met trage of gemiddelde groeisnelheid gebruikt.<\/p>\n<p>Een kruising tussen een hoevehaan en een labelkip van het zware type is een garantie op kwaliteit.<\/p>\n<p>Een standaardkip heeft een gemiddelde levensduur van 38 dagen.<\/p>\n<p>De &#8220;traditionele&#8221; kip van Les Elevages du Moulin du Val Dieu wordt daarentegen gefokt tot ze tussen de 56 en de 63 dagen oud is, afhankelijk van het gewicht, om op die manier perfect te voldoen aan de wensen van de consument.<\/p>\n<p>Door de leeftijd krijgt het vlees een vollere, meer authentieke smaak.<\/p>\n<\/div><\/section><\/p><\/div><\/div><!--close column table wrapper. Autoclose: 1 -->\n<style type=\"text\/css\" data-created_by=\"avia_inline_auto\" id=\"style-css-av-g87q-6fc230a36520785d3e0089ee88eec9ca\">\n#top .hr.hr-invisible.av-g87q-6fc230a36520785d3e0089ee88eec9ca{\nheight:20px;\n}\n<\/style>\n<div  class='hr av-g87q-6fc230a36520785d3e0089ee88eec9ca hr-invisible  avia-builder-el-14  el_after_av_one_full  el_before_av_one_full '><span class='hr-inner '><span class=\"hr-inner-style\"><\/span><\/span><\/div>\n<div class='flex_column_table av-doci-a2d0726041bf913f8b2bd6a84995e6d7 sc-av_one_full av-equal-height-column-flextable'>\n<style type=\"text\/css\" data-created_by=\"avia_inline_auto\" id=\"style-css-av-doci-a2d0726041bf913f8b2bd6a84995e6d7\">\n.flex_column.av-doci-a2d0726041bf913f8b2bd6a84995e6d7{\nborder-radius:0px 0px 0px 0px;\npadding:0px 0px 0px 0px;\n}\n<\/style>\n<div  class='flex_column av-doci-a2d0726041bf913f8b2bd6a84995e6d7 av_one_full  avia-builder-el-15  el_after_av_hr  el_before_av_hr  first flex_column_table_cell av-equal-height-column av-align-top av-zero-column-padding  '     ><p>\n<style type=\"text\/css\" data-created_by=\"avia_inline_auto\" id=\"style-css-av-kejo0dhg-cda4f47aa9f19e42e51d1a41fe415d8b\">\n#top .av-special-heading.av-kejo0dhg-cda4f47aa9f19e42e51d1a41fe415d8b{\npadding-bottom:10px;\n}\nbody .av-special-heading.av-kejo0dhg-cda4f47aa9f19e42e51d1a41fe415d8b .av-special-heading-tag .heading-char{\nfont-size:25px;\n}\n.av-special-heading.av-kejo0dhg-cda4f47aa9f19e42e51d1a41fe415d8b .av-subheading{\nfont-size:15px;\n}\n<\/style>\n<div  class='av-special-heading av-kejo0dhg-cda4f47aa9f19e42e51d1a41fe415d8b av-special-heading-h2 blockquote modern-quote  avia-builder-el-16  el_before_av_textblock  avia-builder-el-first '><h2 class='av-special-heading-tag '  itemprop=\"headline\"  >Onderscheidende kwaliteit<\/h2><div class=\"special-heading-border\"><div class=\"special-heading-inner-border\"><\/div><\/div><\/div><br \/>\n<section  class='av_textblock_section av-cnf2-b88592c05c5aebde49549f8f7d379976 '   itemscope=\"itemscope\" itemtype=\"https:\/\/schema.org\/CreativeWork\" ><div class='avia_textblock'  itemprop=\"text\" ><p>We spreken van onderscheidende kwaliteit (kwaliteit die het verschil maakt) bij producten die niet voortkomen uit de standaard kweekmethodes.<\/p>\n<p>Onze kippen worden gekweekt volgens een lastenboek dat eisen oplegt omtrent:<\/p>\n<p>&#8211; de oorsprong<\/p>\n<p>&#8211; het aantal kippen per vierkante meter<\/p>\n<p>&#8211; het soort voeding<\/p>\n<p>&#8211; het minimale aantal kweekdagen<\/p>\n<p>&#8211; het welzijn van de dieren<\/p>\n<p>&#8211; normen voor slachthygi\u00ebne<\/p>\n<p>&#8211; respect voor de koelketen\u2026<\/p>\n<\/div><\/section><\/p><\/div><\/div><!--close column table wrapper. Autoclose: 1 -->\n<style type=\"text\/css\" data-created_by=\"avia_inline_auto\" id=\"style-css-av-g87q-6fc230a36520785d3e0089ee88eec9ca\">\n#top .hr.hr-invisible.av-g87q-6fc230a36520785d3e0089ee88eec9ca{\nheight:20px;\n}\n<\/style>\n<div  class='hr av-g87q-6fc230a36520785d3e0089ee88eec9ca hr-invisible  avia-builder-el-18  el_after_av_one_full  el_before_av_three_fifth '><span class='hr-inner '><span class=\"hr-inner-style\"><\/span><\/span><\/div>\n<div class='flex_column_table av-doci-266c6449fb26b1e18ccf2bcc8807c5b9 sc-av_three_fifth av-equal-height-column-flextable'>\n<style type=\"text\/css\" data-created_by=\"avia_inline_auto\" id=\"style-css-av-doci-266c6449fb26b1e18ccf2bcc8807c5b9\">\n.flex_column.av-doci-266c6449fb26b1e18ccf2bcc8807c5b9{\nborder-radius:0px 0px 0px 0px;\npadding:0px 0px 0px 0px;\n}\n<\/style>\n<div  class='flex_column av-doci-266c6449fb26b1e18ccf2bcc8807c5b9 av_three_fifth  avia-builder-el-19  el_after_av_hr  el_before_av_two_fifth  first flex_column_table_cell av-equal-height-column av-align-middle av-zero-column-padding  '     ><p>\n<style type=\"text\/css\" data-created_by=\"avia_inline_auto\" id=\"style-css-av-kejo16ar-4061a905534b2e9b114d1ff9e0282d7f\">\n#top .av-special-heading.av-kejo16ar-4061a905534b2e9b114d1ff9e0282d7f{\npadding-bottom:10px;\n}\nbody .av-special-heading.av-kejo16ar-4061a905534b2e9b114d1ff9e0282d7f .av-special-heading-tag .heading-char{\nfont-size:25px;\n}\n.av-special-heading.av-kejo16ar-4061a905534b2e9b114d1ff9e0282d7f .av-subheading{\nfont-size:15px;\n}\n<\/style>\n<div  class='av-special-heading av-kejo16ar-4061a905534b2e9b114d1ff9e0282d7f av-special-heading-h2 blockquote modern-quote  avia-builder-el-20  el_before_av_textblock  avia-builder-el-first '><h2 class='av-special-heading-tag '  itemprop=\"headline\"  >Het GIE-evenwicht<\/h2><div class=\"special-heading-border\"><div class=\"special-heading-inner-border\"><\/div><\/div><\/div><br \/>\n<section  class='av_textblock_section av-cnf2-b88592c05c5aebde49549f8f7d379976 '   itemscope=\"itemscope\" itemtype=\"https:\/\/schema.org\/CreativeWork\" ><div class='avia_textblock'  itemprop=\"text\" ><p>In 2006 namen bedrijven in de agrovoedingssector het initiatief om samen een label aan te bieden dat hun producten benadrukt van dieren die een dieet consumeren dat is gemaakt van vlas en koolzaad.<\/p>\n<p>Zo heeft de Equilibrium-groep zich kunnen ontwikkelen om de consument een gevarieerd assortiment aan te bieden. Een Equilibrium-label is nu aangebracht op producten die voldoen aan de specificaties van de G.I.E. Equilibrium heeft nu acht soorten producten, waaronder oli\u00ebn, eieren, vleeswaren, varkensvlees, kip en rundvlees, zeevruchten en brood, van natuurlijke oorsprong of rijk aan omega-3 , en verspreid over heel Belgi\u00eb.<\/p>\n<p><a href=\"https:\/\/www.menuomega3.org\/befr\/equilibrium.php\">https:\/\/www.menuomega3.org\/befr\/equilibrium.php<\/a><\/p>\n<\/div><\/section><\/p><\/div><div class='av-flex-placeholder'><\/div>\n<style type=\"text\/css\" data-created_by=\"avia_inline_auto\" id=\"style-css-av-73rk-bf7c69a92732b9c8c7234bea68a80e4d\">\n.flex_column.av-73rk-bf7c69a92732b9c8c7234bea68a80e4d{\nborder-radius:0px 0px 0px 0px;\npadding:0px 0px 0px 0px;\n}\n<\/style>\n<div  class='flex_column av-73rk-bf7c69a92732b9c8c7234bea68a80e4d av_two_fifth  avia-builder-el-22  el_after_av_three_fifth  avia-builder-el-last  flex_column_table_cell av-equal-height-column av-align-middle av-zero-column-padding  '     ><style type=\"text\/css\" data-created_by=\"avia_inline_auto\" id=\"style-css-av-ap2-4ba39b79a5e7dbb4a6c6dd4907b9d416\">\n.avia-image-container.av-ap2-4ba39b79a5e7dbb4a6c6dd4907b9d416 img.avia_image{\nbox-shadow:none;\n}\n.avia-image-container.av-ap2-4ba39b79a5e7dbb4a6c6dd4907b9d416 .av-image-caption-overlay-center{\ncolor:#ffffff;\n}\n<\/style>\n<div  class='avia-image-container av-ap2-4ba39b79a5e7dbb4a6c6dd4907b9d416 av-styling- avia-align-center  avia-builder-el-23  avia-builder-el-no-sibling '   itemprop=\"image\" itemscope=\"itemscope\" itemtype=\"https:\/\/schema.org\/ImageObject\" ><div class=\"avia-image-container-inner\"><div class=\"avia-image-overlay-wrap\"><img decoding=\"async\" fetchpriority=\"high\" class='wp-image-146 avia-img-lazy-loading-not-146 avia_image ' src=\"https:\/\/elevagesvaldieu.be\/wp-content\/uploads\/sites\/13\/2020\/08\/Affiche-equilibrium-440_20153614317-238x300.jpg\" alt='Affiche-equilibrium' title='Affiche-equilibrium'  height=\"300\" width=\"238\"  itemprop=\"thumbnailUrl\" srcset=\"https:\/\/elevagesvaldieu.be\/wp-content\/uploads\/sites\/13\/2020\/08\/Affiche-equilibrium-440_20153614317-238x300.jpg 238w, https:\/\/elevagesvaldieu.be\/wp-content\/uploads\/sites\/13\/2020\/08\/Affiche-equilibrium-440_20153614317.jpg 440w\" sizes=\"(max-width: 238px) 100vw, 238px\" \/><\/div><\/div><\/div><\/div><\/div><!--close column table wrapper. Autoclose: 1 --><\/div><\/div><\/div><!-- close content main div --><\/div><\/div><div id='after_section_1'  class='main_color av_default_container_wrap container_wrap sidebar_right'  ><div class='container av-section-cont-open' ><div class='template-page content  av-content-small alpha units'><div class='post-entry post-entry-type-page post-entry-130'><div class='entry-content-wrapper clearfix'>\n","protected":false},"excerpt":{"rendered":"","protected":false},"author":2,"featured_media":0,"parent":0,"menu_order":0,"comment_status":"closed","ping_status":"closed","template":"","meta":{"footnotes":""},"class_list":["post-130","page","type-page","status-publish","hentry"],"yoast_head":"<!-- This site is optimized with the Yoast SEO plugin v27.3 - https:\/\/yoast.com\/product\/yoast-seo-wordpress\/ -->\n<title>Kwaliteit - Les \u00e9levages du Moulin du Val Dieu<\/title>\n<meta name=\"robots\" content=\"index, follow, max-snippet:-1, max-image-preview:large, max-video-preview:-1\" \/>\n<link rel=\"canonical\" href=\"https:\/\/elevagesvaldieu.be\/nl\/kwaliteit\/\" \/>\n<meta property=\"og:locale\" content=\"nl_NL\" \/>\n<meta property=\"og:type\" content=\"article\" \/>\n<meta property=\"og:title\" content=\"Kwaliteit - Les \u00e9levages du Moulin du Val Dieu\" \/>\n<meta property=\"og:url\" content=\"https:\/\/elevagesvaldieu.be\/nl\/kwaliteit\/\" \/>\n<meta property=\"og:site_name\" content=\"Les \u00e9levages du Moulin du Val Dieu\" \/>\n<meta property=\"article:modified_time\" content=\"2020-09-01T08:04:57+00:00\" \/>\n<meta name=\"twitter:card\" content=\"summary_large_image\" \/>\n<meta name=\"twitter:label1\" content=\"Geschatte leestijd\" \/>\n\t<meta name=\"twitter:data1\" content=\"11 minuten\" \/>\n<script type=\"application\/ld+json\" class=\"yoast-schema-graph\">{\"@context\":\"https:\\\/\\\/schema.org\",\"@graph\":[{\"@type\":\"WebPage\",\"@id\":\"https:\\\/\\\/elevagesvaldieu.be\\\/nl\\\/kwaliteit\\\/\",\"url\":\"https:\\\/\\\/elevagesvaldieu.be\\\/nl\\\/kwaliteit\\\/\",\"name\":\"Kwaliteit - Les \u00e9levages du Moulin du Val Dieu\",\"isPartOf\":{\"@id\":\"https:\\\/\\\/elevagesvaldieu.be\\\/nl\\\/#website\"},\"datePublished\":\"2020-08-28T09:28:22+00:00\",\"dateModified\":\"2020-09-01T08:04:57+00:00\",\"breadcrumb\":{\"@id\":\"https:\\\/\\\/elevagesvaldieu.be\\\/nl\\\/kwaliteit\\\/#breadcrumb\"},\"inLanguage\":\"nl-NL\",\"potentialAction\":[{\"@type\":\"ReadAction\",\"target\":[\"https:\\\/\\\/elevagesvaldieu.be\\\/nl\\\/kwaliteit\\\/\"]}]},{\"@type\":\"BreadcrumbList\",\"@id\":\"https:\\\/\\\/elevagesvaldieu.be\\\/nl\\\/kwaliteit\\\/#breadcrumb\",\"itemListElement\":[{\"@type\":\"ListItem\",\"position\":1,\"name\":\"Accueil\",\"item\":\"https:\\\/\\\/elevagesvaldieu.be\\\/nl\\\/\"},{\"@type\":\"ListItem\",\"position\":2,\"name\":\"Kwaliteit\"}]},{\"@type\":\"WebSite\",\"@id\":\"https:\\\/\\\/elevagesvaldieu.be\\\/nl\\\/#website\",\"url\":\"https:\\\/\\\/elevagesvaldieu.be\\\/nl\\\/\",\"name\":\"Les \u00e9levages du Moulin du Val Dieu\",\"description\":\"\",\"potentialAction\":[{\"@type\":\"SearchAction\",\"target\":{\"@type\":\"EntryPoint\",\"urlTemplate\":\"https:\\\/\\\/elevagesvaldieu.be\\\/nl\\\/?s={search_term_string}\"},\"query-input\":{\"@type\":\"PropertyValueSpecification\",\"valueRequired\":true,\"valueName\":\"search_term_string\"}}],\"inLanguage\":\"nl-NL\"}]}<\/script>\n<!-- \/ Yoast SEO plugin. -->","yoast_head_json":{"title":"Kwaliteit - Les \u00e9levages du Moulin du Val Dieu","robots":{"index":"index","follow":"follow","max-snippet":"max-snippet:-1","max-image-preview":"max-image-preview:large","max-video-preview":"max-video-preview:-1"},"canonical":"https:\/\/elevagesvaldieu.be\/nl\/kwaliteit\/","og_locale":"nl_NL","og_type":"article","og_title":"Kwaliteit - Les \u00e9levages du Moulin du Val Dieu","og_url":"https:\/\/elevagesvaldieu.be\/nl\/kwaliteit\/","og_site_name":"Les \u00e9levages du Moulin du Val Dieu","article_modified_time":"2020-09-01T08:04:57+00:00","twitter_card":"summary_large_image","twitter_misc":{"Geschatte leestijd":"11 minuten"},"schema":{"@context":"https:\/\/schema.org","@graph":[{"@type":"WebPage","@id":"https:\/\/elevagesvaldieu.be\/nl\/kwaliteit\/","url":"https:\/\/elevagesvaldieu.be\/nl\/kwaliteit\/","name":"Kwaliteit - Les \u00e9levages du Moulin du Val Dieu","isPartOf":{"@id":"https:\/\/elevagesvaldieu.be\/nl\/#website"},"datePublished":"2020-08-28T09:28:22+00:00","dateModified":"2020-09-01T08:04:57+00:00","breadcrumb":{"@id":"https:\/\/elevagesvaldieu.be\/nl\/kwaliteit\/#breadcrumb"},"inLanguage":"nl-NL","potentialAction":[{"@type":"ReadAction","target":["https:\/\/elevagesvaldieu.be\/nl\/kwaliteit\/"]}]},{"@type":"BreadcrumbList","@id":"https:\/\/elevagesvaldieu.be\/nl\/kwaliteit\/#breadcrumb","itemListElement":[{"@type":"ListItem","position":1,"name":"Accueil","item":"https:\/\/elevagesvaldieu.be\/nl\/"},{"@type":"ListItem","position":2,"name":"Kwaliteit"}]},{"@type":"WebSite","@id":"https:\/\/elevagesvaldieu.be\/nl\/#website","url":"https:\/\/elevagesvaldieu.be\/nl\/","name":"Les \u00e9levages du Moulin du Val Dieu","description":"","potentialAction":[{"@type":"SearchAction","target":{"@type":"EntryPoint","urlTemplate":"https:\/\/elevagesvaldieu.be\/nl\/?s={search_term_string}"},"query-input":{"@type":"PropertyValueSpecification","valueRequired":true,"valueName":"search_term_string"}}],"inLanguage":"nl-NL"}]}},"_links":{"self":[{"href":"https:\/\/elevagesvaldieu.be\/nl\/wp-json\/wp\/v2\/pages\/130","targetHints":{"allow":["GET"]}}],"collection":[{"href":"https:\/\/elevagesvaldieu.be\/nl\/wp-json\/wp\/v2\/pages"}],"about":[{"href":"https:\/\/elevagesvaldieu.be\/nl\/wp-json\/wp\/v2\/types\/page"}],"author":[{"embeddable":true,"href":"https:\/\/elevagesvaldieu.be\/nl\/wp-json\/wp\/v2\/users\/2"}],"replies":[{"embeddable":true,"href":"https:\/\/elevagesvaldieu.be\/nl\/wp-json\/wp\/v2\/comments?post=130"}],"version-history":[{"count":2,"href":"https:\/\/elevagesvaldieu.be\/nl\/wp-json\/wp\/v2\/pages\/130\/revisions"}],"predecessor-version":[{"id":172,"href":"https:\/\/elevagesvaldieu.be\/nl\/wp-json\/wp\/v2\/pages\/130\/revisions\/172"}],"wp:attachment":[{"href":"https:\/\/elevagesvaldieu.be\/nl\/wp-json\/wp\/v2\/media?parent=130"}],"curies":[{"name":"wp","href":"https:\/\/api.w.org\/{rel}","templated":true}]}}