{"id":181,"date":"2020-08-28T14:38:58","date_gmt":"2020-08-28T12:38:58","guid":{"rendered":"https:\/\/elevagesvaldieu.simple.foodle.co\/realisations-de-sites-web\/"},"modified":"2020-08-28T14:38:58","modified_gmt":"2020-08-28T12:38:58","slug":"realisations-de-sites-web","status":"publish","type":"page","link":"https:\/\/elevagesvaldieu.be\/nl\/realisations-de-sites-web\/","title":{"rendered":"R\u00e9alisations de sites web"},"content":{"rendered":"\n<h1 class=\"wp-block-heading\">R\u00e9alisations de sites web<\/h1>\n\n\n\n<p>Le site des\u00a0<strong>\u201c\u00c9levages du Moulin du Val-Dieu\u201d<\/strong> a \u00e9t\u00e9 con\u00e7u par <a rel=\"noreferrer noopener\" href=\"http:\/\/www.oye-oye.net\/\" target=\"_blank\"><strong>OY\u00c9-OY\u00c9 \u00a9<\/strong><\/a>, agence web du Petit Fut\u00e9 Belgique.<br>OY\u00c9-OY\u00c9 a mis en place la solution ad\u00e9quate pour diffuser efficacement les donn\u00e9es des\u00a0<strong>\u201c\u00c9levages du Moulin du Val-Dieu<\/strong> <strong>\u201d<\/strong> sur le web.<br>Avec la cr\u00e9ation de ce site fonctionnel d\u2019abord. Et surtout le lien de celui-ci avec les acteurs majeurs du web (r\u00e9seaux sociaux, plates-formes\u2026) pour plus de visibilit\u00e9.<br>Actif depuis 1989 dans la communication de l\u2019 HORECA, des LOISIRS et du TOURISME (avec les guides du Petit Fut\u00e9 \u00e0 Li\u00e8ge et en Belgique) et acteur du web depuis 2001, OY\u00c9-OY\u00c9 offre aujourd\u2019hui des outils \u00e0 la pointe de toutes les tendances actuelles. En toute transparence, tout a \u00e9t\u00e9 mis en \u0153uvre pour rendre les responsables des <strong>\u201c\u00c9levages du Moulin du Val-Dieu<\/strong> <strong>\u201d\u00a0<\/strong>autonomes et amener leur \u00e9tablissement \u00e0 \u00eatre plus visible en permanence sur le web.<\/p>\n","protected":false},"excerpt":{"rendered":"<p>R\u00e9alisations de sites web Le site des\u00a0\u201c\u00c9levages du Moulin du Val-Dieu\u201d a \u00e9t\u00e9 con\u00e7u par OY\u00c9-OY\u00c9 \u00a9, agence web du Petit Fut\u00e9 Belgique.OY\u00c9-OY\u00c9 a mis en place la solution ad\u00e9quate pour diffuser efficacement les donn\u00e9es des\u00a0\u201c\u00c9levages du Moulin du Val-Dieu \u201d sur le web.Avec la cr\u00e9ation de ce site fonctionnel d\u2019abord. Et surtout le lien [&hellip;]<\/p>\n","protected":false},"author":2,"featured_media":0,"parent":0,"menu_order":0,"comment_status":"closed","ping_status":"closed","template":"","meta":{"footnotes":""},"class_list":["post-181","page","type-page","status-publish","hentry"],"yoast_head":"<!-- This site is optimized with the Yoast SEO plugin v27.3 - https:\/\/yoast.com\/product\/yoast-seo-wordpress\/ -->\n<title>R\u00e9alisations de sites web - Les \u00e9levages du Moulin du Val Dieu<\/title>\n<meta name=\"robots\" content=\"index, follow, max-snippet:-1, max-image-preview:large, max-video-preview:-1\" \/>\n<link rel=\"canonical\" href=\"https:\/\/elevagesvaldieu.be\/nl\/realisations-de-sites-web\/\" \/>\n<meta property=\"og:locale\" content=\"nl_NL\" \/>\n<meta property=\"og:type\" content=\"article\" \/>\n<meta property=\"og:title\" content=\"R\u00e9alisations de sites web - Les \u00e9levages du Moulin du Val Dieu\" \/>\n<meta property=\"og:description\" content=\"R\u00e9alisations de sites web Le site des\u00a0\u201c\u00c9levages du Moulin du Val-Dieu\u201d a \u00e9t\u00e9 con\u00e7u par OY\u00c9-OY\u00c9 \u00a9, agence web du Petit Fut\u00e9 Belgique.OY\u00c9-OY\u00c9 a mis en place la solution ad\u00e9quate pour diffuser efficacement les donn\u00e9es des\u00a0\u201c\u00c9levages du Moulin du Val-Dieu \u201d sur le web.Avec la cr\u00e9ation de ce site fonctionnel d\u2019abord. Et surtout le lien [&hellip;]\" \/>\n<meta property=\"og:url\" content=\"https:\/\/elevagesvaldieu.be\/nl\/realisations-de-sites-web\/\" \/>\n<meta property=\"og:site_name\" content=\"Les \u00e9levages du Moulin du Val Dieu\" \/>\n<meta name=\"twitter:card\" content=\"summary_large_image\" \/>\n<meta name=\"twitter:label1\" content=\"Geschatte leestijd\" \/>\n\t<meta name=\"twitter:data1\" content=\"1 minuut\" \/>\n<script type=\"application\/ld+json\" class=\"yoast-schema-graph\">{\"@context\":\"https:\\\/\\\/schema.org\",\"@graph\":[{\"@type\":\"WebPage\",\"@id\":\"https:\\\/\\\/elevagesvaldieu.be\\\/nl\\\/realisations-de-sites-web\\\/\",\"url\":\"https:\\\/\\\/elevagesvaldieu.be\\\/nl\\\/realisations-de-sites-web\\\/\",\"name\":\"R\u00e9alisations de sites web - Les \u00e9levages du Moulin du Val Dieu\",\"isPartOf\":{\"@id\":\"https:\\\/\\\/elevagesvaldieu.be\\\/nl\\\/#website\"},\"datePublished\":\"2020-08-28T12:38:58+00:00\",\"breadcrumb\":{\"@id\":\"https:\\\/\\\/elevagesvaldieu.be\\\/nl\\\/realisations-de-sites-web\\\/#breadcrumb\"},\"inLanguage\":\"nl-NL\",\"potentialAction\":[{\"@type\":\"ReadAction\",\"target\":[\"https:\\\/\\\/elevagesvaldieu.be\\\/nl\\\/realisations-de-sites-web\\\/\"]}]},{\"@type\":\"BreadcrumbList\",\"@id\":\"https:\\\/\\\/elevagesvaldieu.be\\\/nl\\\/realisations-de-sites-web\\\/#breadcrumb\",\"itemListElement\":[{\"@type\":\"ListItem\",\"position\":1,\"name\":\"Accueil\",\"item\":\"https:\\\/\\\/elevagesvaldieu.be\\\/nl\\\/\"},{\"@type\":\"ListItem\",\"position\":2,\"name\":\"R\u00e9alisations de sites web\"}]},{\"@type\":\"WebSite\",\"@id\":\"https:\\\/\\\/elevagesvaldieu.be\\\/nl\\\/#website\",\"url\":\"https:\\\/\\\/elevagesvaldieu.be\\\/nl\\\/\",\"name\":\"Les \u00e9levages du Moulin du Val Dieu\",\"description\":\"\",\"potentialAction\":[{\"@type\":\"SearchAction\",\"target\":{\"@type\":\"EntryPoint\",\"urlTemplate\":\"https:\\\/\\\/elevagesvaldieu.be\\\/nl\\\/?s={search_term_string}\"},\"query-input\":{\"@type\":\"PropertyValueSpecification\",\"valueRequired\":true,\"valueName\":\"search_term_string\"}}],\"inLanguage\":\"nl-NL\"}]}<\/script>\n<!-- \/ Yoast SEO plugin. -->","yoast_head_json":{"title":"R\u00e9alisations de sites web - Les \u00e9levages du Moulin du Val Dieu","robots":{"index":"index","follow":"follow","max-snippet":"max-snippet:-1","max-image-preview":"max-image-preview:large","max-video-preview":"max-video-preview:-1"},"canonical":"https:\/\/elevagesvaldieu.be\/nl\/realisations-de-sites-web\/","og_locale":"nl_NL","og_type":"article","og_title":"R\u00e9alisations de sites web - Les \u00e9levages du Moulin du Val Dieu","og_description":"R\u00e9alisations de sites web Le site des\u00a0\u201c\u00c9levages du Moulin du Val-Dieu\u201d a \u00e9t\u00e9 con\u00e7u par OY\u00c9-OY\u00c9 \u00a9, agence web du Petit Fut\u00e9 Belgique.OY\u00c9-OY\u00c9 a mis en place la solution ad\u00e9quate pour diffuser efficacement les donn\u00e9es des\u00a0\u201c\u00c9levages du Moulin du Val-Dieu \u201d sur le web.Avec la cr\u00e9ation de ce site fonctionnel d\u2019abord. Et surtout le lien [&hellip;]","og_url":"https:\/\/elevagesvaldieu.be\/nl\/realisations-de-sites-web\/","og_site_name":"Les \u00e9levages du Moulin du Val Dieu","twitter_card":"summary_large_image","twitter_misc":{"Geschatte leestijd":"1 minuut"},"schema":{"@context":"https:\/\/schema.org","@graph":[{"@type":"WebPage","@id":"https:\/\/elevagesvaldieu.be\/nl\/realisations-de-sites-web\/","url":"https:\/\/elevagesvaldieu.be\/nl\/realisations-de-sites-web\/","name":"R\u00e9alisations de sites web - Les \u00e9levages du Moulin du Val Dieu","isPartOf":{"@id":"https:\/\/elevagesvaldieu.be\/nl\/#website"},"datePublished":"2020-08-28T12:38:58+00:00","breadcrumb":{"@id":"https:\/\/elevagesvaldieu.be\/nl\/realisations-de-sites-web\/#breadcrumb"},"inLanguage":"nl-NL","potentialAction":[{"@type":"ReadAction","target":["https:\/\/elevagesvaldieu.be\/nl\/realisations-de-sites-web\/"]}]},{"@type":"BreadcrumbList","@id":"https:\/\/elevagesvaldieu.be\/nl\/realisations-de-sites-web\/#breadcrumb","itemListElement":[{"@type":"ListItem","position":1,"name":"Accueil","item":"https:\/\/elevagesvaldieu.be\/nl\/"},{"@type":"ListItem","position":2,"name":"R\u00e9alisations de sites web"}]},{"@type":"WebSite","@id":"https:\/\/elevagesvaldieu.be\/nl\/#website","url":"https:\/\/elevagesvaldieu.be\/nl\/","name":"Les \u00e9levages du Moulin du Val Dieu","description":"","potentialAction":[{"@type":"SearchAction","target":{"@type":"EntryPoint","urlTemplate":"https:\/\/elevagesvaldieu.be\/nl\/?s={search_term_string}"},"query-input":{"@type":"PropertyValueSpecification","valueRequired":true,"valueName":"search_term_string"}}],"inLanguage":"nl-NL"}]}},"_links":{"self":[{"href":"https:\/\/elevagesvaldieu.be\/nl\/wp-json\/wp\/v2\/pages\/181","targetHints":{"allow":["GET"]}}],"collection":[{"href":"https:\/\/elevagesvaldieu.be\/nl\/wp-json\/wp\/v2\/pages"}],"about":[{"href":"https:\/\/elevagesvaldieu.be\/nl\/wp-json\/wp\/v2\/types\/page"}],"author":[{"embeddable":true,"href":"https:\/\/elevagesvaldieu.be\/nl\/wp-json\/wp\/v2\/users\/2"}],"replies":[{"embeddable":true,"href":"https:\/\/elevagesvaldieu.be\/nl\/wp-json\/wp\/v2\/comments?post=181"}],"version-history":[{"count":0,"href":"https:\/\/elevagesvaldieu.be\/nl\/wp-json\/wp\/v2\/pages\/181\/revisions"}],"wp:attachment":[{"href":"https:\/\/elevagesvaldieu.be\/nl\/wp-json\/wp\/v2\/media?parent=181"}],"curies":[{"name":"wp","href":"https:\/\/api.w.org\/{rel}","templated":true}]}}